{"id":683,"date":"2018-07-25T15:06:14","date_gmt":"2018-07-25T18:06:14","guid":{"rendered":"https:\/\/ica-cba.infd.edu.ar\/sitio\/?page_id=683"},"modified":"2024-12-18T19:34:55","modified_gmt":"2024-12-18T22:34:55","slug":"institucional","status":"publish","type":"page","link":"https:\/\/ica-cba.infd.edu.ar\/sitio\/institucional\/","title":{"rendered":"El Instituto"},"content":{"rendered":"\n<p>El 12 de octubre de 1992 nace el Instituto de Culturas Abor\u00edgenes en la ciudad de C\u00f3rdoba. Luego de un a\u00f1o de visibilizaci\u00f3n de las luchas y resistencias ind\u00edgenas y negras en una ciudad que festejaba los 500 a\u00f1os de la Conquista europea y negaba la presencia originaria en el territorio, un grupo de ind\u00edgenas y afrodescendientes deciden crear un espacio en la ciudad que sea una voz disruptiva de los discursos oficiales y hegem\u00f3nicos.<\/p>\n\n\n\n<p>A trav\u00e9s de la ense\u00f1anza de Quechua, Mapudungun y Guaran\u00ed en \u201cla Docta\u201d, el ICA deviene un Instituto de Formaci\u00f3n T\u00e9cnica, en 1994 y diez a\u00f1os despu\u00e9s apuesta adem\u00e1s a la Formaci\u00f3n Docente, manteniendo y sosteniendo desde sus inicios la importancia y revalorizaci\u00f3n de las lenguas originarias los saberes ancestrales.<\/p>\n\n\n\n<p>El ICA es una instituci\u00f3n educativa, con tareas de investigaci\u00f3n, difusi\u00f3n y participaci\u00f3n comunitaria como parte del proyecto&nbsp; pedag\u00f3gico institucional, que pretende interculturalizar la educaci\u00f3n desde una perspectiva cr\u00edtica. Producto de los procesos de lucha y resistencia de los movimientos sociales y los pueblos ind\u00edgenas, treinta a\u00f1os despu\u00e9s, seguimos apostando a la creaci\u00f3n de un mundo en el que quepan muchos mundos, en el territorio del Pueblo de La Toma.<\/p>\n","protected":false},"excerpt":{"rendered":"<p>El 12 de octubre de 1992 nace el Instituto de Culturas Abor\u00edgenes en la ciudad de C\u00f3rdoba. Luego de un a\u00f1o de visibilizaci\u00f3n de las luchas y resistencias ind\u00edgenas y negras en una ciudad que festejaba los 500 a\u00f1os de la Conquista europea y negaba la presencia originaria en el territorio, un grupo de ind\u00edgenas &#8230; <a title=\"El Instituto\" class=\"read-more\" href=\"https:\/\/ica-cba.infd.edu.ar\/sitio\/institucional\/\" aria-label=\"M\u00e1s en El Instituto\">[+]<\/a><\/p>\n","protected":false},"author":6,"featured_media":0,"parent":0,"menu_order":0,"comment_status":"closed","ping_status":"closed","template":"","meta":[],"_links":{"self":[{"href":"https:\/\/ica-cba.infd.edu.ar\/sitio\/wp-json\/wp\/v2\/pages\/683"}],"collection":[{"href":"https:\/\/ica-cba.infd.edu.ar\/sitio\/wp-json\/wp\/v2\/pages"}],"about":[{"href":"https:\/\/ica-cba.infd.edu.ar\/sitio\/wp-json\/wp\/v2\/types\/page"}],"author":[{"embeddable":true,"href":"https:\/\/ica-cba.infd.edu.ar\/sitio\/wp-json\/wp\/v2\/users\/6"}],"replies":[{"embeddable":true,"href":"https:\/\/ica-cba.infd.edu.ar\/sitio\/wp-json\/wp\/v2\/comments?post=683"}],"version-history":[{"count":5,"href":"https:\/\/ica-cba.infd.edu.ar\/sitio\/wp-json\/wp\/v2\/pages\/683\/revisions"}],"predecessor-version":[{"id":804,"href":"https:\/\/ica-cba.infd.edu.ar\/sitio\/wp-json\/wp\/v2\/pages\/683\/revisions\/804"}],"wp:attachment":[{"href":"https:\/\/ica-cba.infd.edu.ar\/sitio\/wp-json\/wp\/v2\/media?parent=683"}],"curies":[{"name":"wp","href":"https:\/\/api.w.org\/{rel}","templated":true}]}}