{"id":685,"date":"2018-07-25T15:06:42","date_gmt":"2018-07-25T18:06:42","guid":{"rendered":"https:\/\/ica-cba.infd.edu.ar\/sitio\/?page_id=685"},"modified":"2024-12-18T20:06:46","modified_gmt":"2024-12-18T23:06:46","slug":"autoridades","status":"publish","type":"page","link":"https:\/\/ica-cba.infd.edu.ar\/sitio\/institucional\/autoridades\/","title":{"rendered":"Autoridades"},"content":{"rendered":"<h4><span data-mce-mark=\"1\"><strong>DIRECCI\u00d3N<\/strong><\/span><\/h4>\n<p><em>Geronima Martinez &#8211; Directora<\/em><\/p>\n<p>Jos\u00e9 Balderrama &#8211; Vicedirector<\/p>\n<p>Adriana Gleser &#8211; RL<\/p>\n<h4><span data-mce-mark=\"1\"><strong>SECRETAR\u00cdA<\/strong><\/span><\/h4>\n<p><em>Debora Ferreyra\u00a0<\/em><\/p>\n<p><span data-mce-mark=\"1\">AUXILIARES: Antonio Rodrigez &#8211; Gaspar Laguens<\/span><\/p>\n<p><span data-mce-mark=\"1\">E-mail: icaborigen@gmail.com\u00a0<\/span><\/p>\n<p>TESORERIA: Susana Juarez<\/p>\n<p>E-mail: Ica.gestiontesoreria@gmail.com<\/p>\n<h4><\/h4>\n<h4><strong>COORDINACIONES<\/strong><\/h4>\n<p>M\u00fasica \/ Pol Zayat: polzayat@gmail.com<br \/>\nAntropolog\u00eda \/ Marianela Stagnaro: tatistagnaro@gmail.com<br \/>\nHistoria \/ Carlos Villal\u00f3n: cvillalon@icaborigen.edu.ar<br \/>\nTecnicaturas \/ Gaspar Laguens: gasparlaguens84@gmail.com<br \/>\nPrimaria \/ Pamela Barrionuevo: pamebarrionuevo@icaborigen.edu.ar<br \/>\nTrayecto Pedagogico \/ Pamela Barrionuevo: trayectopedagogico@icaborigen.edu.ar<\/p>\n","protected":false},"excerpt":{"rendered":"<p>DIRECCI\u00d3N Geronima Martinez &#8211; Directora Jos\u00e9 Balderrama &#8211; Vicedirector Adriana Gleser &#8211; RL SECRETAR\u00cdA Debora Ferreyra\u00a0 AUXILIARES: Antonio Rodrigez &#8211; Gaspar Laguens E-mail: icaborigen@gmail.com\u00a0 TESORERIA: Susana Juarez E-mail: Ica.gestiontesoreria@gmail.com COORDINACIONES M\u00fasica \/ Pol Zayat: polzayat@gmail.com Antropolog\u00eda \/ Marianela Stagnaro: tatistagnaro@gmail.com Historia \/ Carlos Villal\u00f3n: cvillalon@icaborigen.edu.ar Tecnicaturas \/ Gaspar Laguens: gasparlaguens84@gmail.com Primaria \/ Pamela Barrionuevo: pamebarrionuevo@icaborigen.edu.ar &#8230; <a title=\"Autoridades\" class=\"read-more\" href=\"https:\/\/ica-cba.infd.edu.ar\/sitio\/institucional\/autoridades\/\" aria-label=\"M\u00e1s en Autoridades\">[+]<\/a><\/p>\n","protected":false},"author":6,"featured_media":0,"parent":683,"menu_order":0,"comment_status":"closed","ping_status":"closed","template":"","meta":[],"_links":{"self":[{"href":"https:\/\/ica-cba.infd.edu.ar\/sitio\/wp-json\/wp\/v2\/pages\/685"}],"collection":[{"href":"https:\/\/ica-cba.infd.edu.ar\/sitio\/wp-json\/wp\/v2\/pages"}],"about":[{"href":"https:\/\/ica-cba.infd.edu.ar\/sitio\/wp-json\/wp\/v2\/types\/page"}],"author":[{"embeddable":true,"href":"https:\/\/ica-cba.infd.edu.ar\/sitio\/wp-json\/wp\/v2\/users\/6"}],"replies":[{"embeddable":true,"href":"https:\/\/ica-cba.infd.edu.ar\/sitio\/wp-json\/wp\/v2\/comments?post=685"}],"version-history":[{"count":9,"href":"https:\/\/ica-cba.infd.edu.ar\/sitio\/wp-json\/wp\/v2\/pages\/685\/revisions"}],"predecessor-version":[{"id":813,"href":"https:\/\/ica-cba.infd.edu.ar\/sitio\/wp-json\/wp\/v2\/pages\/685\/revisions\/813"}],"up":[{"embeddable":true,"href":"https:\/\/ica-cba.infd.edu.ar\/sitio\/wp-json\/wp\/v2\/pages\/683"}],"wp:attachment":[{"href":"https:\/\/ica-cba.infd.edu.ar\/sitio\/wp-json\/wp\/v2\/media?parent=685"}],"curies":[{"name":"wp","href":"https:\/\/api.w.org\/{rel}","templated":true}]}}