{"id":730,"date":"2018-07-26T10:40:07","date_gmt":"2018-07-26T13:40:07","guid":{"rendered":"https:\/\/ica-cba.infd.edu.ar\/sitio\/?page_id=730"},"modified":"2024-12-19T10:14:39","modified_gmt":"2024-12-19T13:14:39","slug":"ingresantes","status":"publish","type":"page","link":"https:\/\/ica-cba.infd.edu.ar\/sitio\/estudiantes\/ingresantes\/","title":{"rendered":"Ingresantes"},"content":{"rendered":"<h4>Requisitos de inscripci\u00f3n para TRAYECTO PEDAGOGICO<\/h4>\n<p>Para acceder a la primera cohorte deber\u00e1n completar el\u00a0<strong>proceso de inscripci\u00f3n<\/strong><\/p>\n<p><strong><u>Primera parte para asegurar cupo en la primera cohorte:<\/u><\/strong><\/p>\n<p>-Matriculaci\u00f3n anual de $45.000 (Monto promocional congelado hasta febrero 2025)<\/p>\n<p>-Llenado del formulario de pre-inscripci\u00f3n en donde se debe adjuntar el comprobante de pago. (Aqu\u00ed encontrar\u00e1n la informaci\u00f3n para el pago de la matr\u00edcula).<\/p>\n<p>Link al formulario:\u00a0<a href=\"https:\/\/forms.gle\/XRJidi8Cpdnq6TqW9\" data-saferedirecturl=\"https:\/\/www.google.com\/url?q=https:\/\/forms.gle\/XRJidi8Cpdnq6TqW9&amp;source=gmail&amp;ust=1734139122995000&amp;usg=AOvVaw1lXw4g7YHA-EZGD6Eh0-Qa\">https:\/\/forms.gle\/XRJidi8Cpdnq6TqW9<\/a><\/p>\n<p><strong><u>Segunda parte para finalizar inscripci\u00f3n:<\/u><\/strong><\/p>\n<p>-Presentaci\u00f3n digital de la documentaci\u00f3n al correo\u00a0<a href=\"mailto:trayectopedagogico@icaborigen.edu.ar\">trayectopedagogico@icaborigen.edu.ar<\/a><\/p>\n<p style=\"font-weight: 400;\"><strong>Documentaci\u00f3n Postulante que se encuentra trabajando como docente.<\/strong><\/p>\n<ul>\n<li>Copia digitalizada e impresa del DNI de frente y reverso.<\/li>\n<li>Copia digitalizada e impresa de t\u00edtulo y diploma superior no docente y anal\u00edtico (frente y reverso).<\/li>\n<li>Declaraci\u00f3n jurada, seg\u00fan modelo disponible.<\/li>\n<li>Certificado de no inscripci\u00f3n al registro provincial de personas condenadas por delitos contra la integridad sexual (Ley 9680)<\/li>\n<li>Certificado apto psicof\u00edsico.<\/li>\n<\/ul>\n<p><strong>Documentaci\u00f3n Postulante que no se encuentra trabajando como docente.<\/strong><\/p>\n<ul>\n<li>Copia digitalizada del DNI de frente y reverso.<\/li>\n<li>Copia digitalizada e impresa de t\u00edtulo y diploma superior no docente y anal\u00edtico (frente y reverso).<\/li>\n<li>Certificado de no inscripci\u00f3n al registro provincial de personas condenadas por delitos contra la integridad sexual (Ley 9680)<\/li>\n<li>Certificado apto psicof\u00edsico.<\/li>\n<\/ul>\n<p>El cronograma de cursada con fecha de inicio ser\u00e1 compartido el a\u00f1o pr\u00f3ximo cuando se defina ministerialmente el comienzo de todos los trayectos.<\/p>\n<p><strong>\u00a1Bienvenidos\/as al ICA!<\/strong><\/p>\n","protected":false},"excerpt":{"rendered":"<p>Requisitos de inscripci\u00f3n para TRAYECTO PEDAGOGICO Para acceder a la primera cohorte deber\u00e1n completar el\u00a0proceso de inscripci\u00f3n Primera parte para asegurar cupo en la primera cohorte: -Matriculaci\u00f3n anual de $45.000 (Monto promocional congelado hasta febrero 2025) -Llenado del formulario de pre-inscripci\u00f3n en donde se debe adjuntar el comprobante de pago. (Aqu\u00ed encontrar\u00e1n la informaci\u00f3n para &#8230; <a title=\"Ingresantes\" class=\"read-more\" href=\"https:\/\/ica-cba.infd.edu.ar\/sitio\/estudiantes\/ingresantes\/\" aria-label=\"M\u00e1s en Ingresantes\">[+]<\/a><\/p>\n","protected":false},"author":6,"featured_media":0,"parent":692,"menu_order":0,"comment_status":"closed","ping_status":"closed","template":"","meta":[],"_links":{"self":[{"href":"https:\/\/ica-cba.infd.edu.ar\/sitio\/wp-json\/wp\/v2\/pages\/730"}],"collection":[{"href":"https:\/\/ica-cba.infd.edu.ar\/sitio\/wp-json\/wp\/v2\/pages"}],"about":[{"href":"https:\/\/ica-cba.infd.edu.ar\/sitio\/wp-json\/wp\/v2\/types\/page"}],"author":[{"embeddable":true,"href":"https:\/\/ica-cba.infd.edu.ar\/sitio\/wp-json\/wp\/v2\/users\/6"}],"replies":[{"embeddable":true,"href":"https:\/\/ica-cba.infd.edu.ar\/sitio\/wp-json\/wp\/v2\/comments?post=730"}],"version-history":[{"count":4,"href":"https:\/\/ica-cba.infd.edu.ar\/sitio\/wp-json\/wp\/v2\/pages\/730\/revisions"}],"predecessor-version":[{"id":865,"href":"https:\/\/ica-cba.infd.edu.ar\/sitio\/wp-json\/wp\/v2\/pages\/730\/revisions\/865"}],"up":[{"embeddable":true,"href":"https:\/\/ica-cba.infd.edu.ar\/sitio\/wp-json\/wp\/v2\/pages\/692"}],"wp:attachment":[{"href":"https:\/\/ica-cba.infd.edu.ar\/sitio\/wp-json\/wp\/v2\/media?parent=730"}],"curies":[{"name":"wp","href":"https:\/\/api.w.org\/{rel}","templated":true}]}}