{"id":734,"date":"2018-07-26T10:49:22","date_gmt":"2018-07-26T13:49:22","guid":{"rendered":"https:\/\/ica-cba.infd.edu.ar\/sitio\/?page_id=734"},"modified":"2026-02-20T15:11:11","modified_gmt":"2026-02-20T18:11:11","slug":"trayecto-pedagogico-para-graduados-no-docentes","status":"publish","type":"page","link":"https:\/\/ica-cba.infd.edu.ar\/sitio\/catalogo\/trayecto-pedagogico-para-graduados-no-docentes\/","title":{"rendered":"TRAYECTO PEDAGOGICO PARA GRADUADOS NO DOCENTES"},"content":{"rendered":"<div class=\"wp-block-image\">\n<figure class=\"aligncenter size-full is-resized\"><img decoding=\"async\" loading=\"lazy\" src=\"https:\/\/ica-cba.infd.edu.ar\/sitio\/wp-content\/uploads\/2025\/10\/IMG-20251028-WA0010.jpg\" alt=\"\" class=\"wp-image-1008\" width=\"728\" height=\"728\" srcset=\"https:\/\/ica-cba.infd.edu.ar\/sitio\/wp-content\/uploads\/2025\/10\/IMG-20251028-WA0010.jpg 1080w, https:\/\/ica-cba.infd.edu.ar\/sitio\/wp-content\/uploads\/2025\/10\/IMG-20251028-WA0010-1000x1000.jpg 1000w, https:\/\/ica-cba.infd.edu.ar\/sitio\/wp-content\/uploads\/2025\/10\/IMG-20251028-WA0010-500x500.jpg 500w, https:\/\/ica-cba.infd.edu.ar\/sitio\/wp-content\/uploads\/2025\/10\/IMG-20251028-WA0010-768x768.jpg 768w\" sizes=\"(max-width: 728px) 100vw, 728px\" \/><\/figure><\/div>\n\n\n<p>El Trayecto Pedag\u00f3gico ofrece la posibilidad a aquellas personas con t\u00edtulo de Nivel Superior (universitario o no) que est\u00e9 categorizado con alcance \u201chabilitante de nivel secundario\u201d a ejercer la docencia en el mismo nivel. Al finalizar dicha capacitaci\u00f3n, el egresado podr\u00e1 desempe\u00f1arse como docente de los espacios curriculares vinculados al \u00e1rea disciplinar correspondiente con su t\u00edtulo de base.<br>La propuesta busca hacer aportes del campo pedag\u00f3gico a la profesi\u00f3n docente, y propiciar la construcci\u00f3n de un sistema de saberes de diverso orden, que nutra el an\u00e1lisis de la realidad educativa y escolar, adem\u00e1s de sumar a la construcci\u00f3n de propuestas de intervenci\u00f3n docente.<br>Se abordar\u00e1 un an\u00e1lisis de la tarea educativa y pedag\u00f3gica, inserta en un contexto global, local e institucional, reconociendo sus complejidades, las herencias de una configuraci\u00f3n hist\u00f3rica y la relaci\u00f3n con los desaf\u00edos que plantean las pol\u00edticas educativas actuales.<\/p>\n\n\n\n<h3 class=\"wp-block-heading\">Plan de estudios<\/h3>\n\n\n\n<figure class=\"wp-block-image size-full\"><img decoding=\"async\" loading=\"lazy\" width=\"946\" height=\"610\" src=\"https:\/\/ica-cba.infd.edu.ar\/sitio\/wp-content\/uploads\/2026\/02\/image-2.png\" alt=\"\" class=\"wp-image-1032\" srcset=\"https:\/\/ica-cba.infd.edu.ar\/sitio\/wp-content\/uploads\/2026\/02\/image-2.png 946w, https:\/\/ica-cba.infd.edu.ar\/sitio\/wp-content\/uploads\/2026\/02\/image-2-768x495.png 768w\" sizes=\"(max-width: 946px) 100vw, 946px\" \/><\/figure>\n\n\n\n<h3 class=\"wp-block-heading\">Requisitos de Ingreso<\/h3>\n\n\n\n<p>Poseer t\u00edtulo superior no docente (universitario o no) que est\u00e9 categorizado con alcance \u201chabilitante de nivel superior\u201d para cualquier espacio curricular de la educaci\u00f3n secundaria de la provincia de C\u00f3rdoba, de acuerdo con el listado de T\u00edtulos Reglamentados para la L.O.M. vigente al momento de la inscripci\u00f3n.<\/p>\n\n\n\n<h3 class=\"wp-block-heading\">Perfil del Egresado\/a<\/h3>\n\n\n\n<p>Esta certificaci\u00f3n, junto con el t\u00edtulo profesional o t\u00e9cnico superior de base, transforma el alcance habilitante de nivel Superior a Docente (de nivel secundario).<\/p>\n\n\n\n<h3 class=\"wp-block-heading\">Modalidad<\/h3>\n\n\n\n<p>Modalidad Combinada<\/p>\n\n\n\n<ul>\n<li>Presencial: 1 sabado al mes de 8.20 a 16.30 hs<\/li>\n\n\n\n<li>Sincronico: 1 sabado al mes por video llamada<\/li>\n\n\n\n<li>Asincronico: Cursada en campos virtual (eleg\u00eds el horario y d\u00eda para realizar las actividades)<\/li>\n<\/ul>\n\n\n\n<h3 class=\"wp-block-heading\">Costos<\/h3>\n\n\n\n<ul>\n<li>Matricula: $90.000 (se puede abonar en dos veces)<\/li>\n\n\n\n<li>Cuota mensual: $100.000 <\/li>\n<\/ul>\n\n\n\n<h3 class=\"wp-block-heading\">Procedimiento de Admisi\u00f3n<\/h3>\n\n\n\n<p>-Poseer t\u00edtulo profesional o t\u00e9cnico superior emitido por instituciones de Educaci\u00f3n Superior con reconocimiento oficial. Chequear que tu titulaci\u00f3n este aqu\u00ed: https:\/\/www.cba.gov.ar\/wp-content\/uploads\/2025\/05\/Titulos-2026_.pdf <br>-Completar un formulario de pre matriculaci\u00f3n en l\u00ednea.  <\/p>\n\n\n\n<p>Posteriormente, para certificar el cumplimiento de las condiciones establecidas como destinatario de la propuesta, se requerir\u00e1 la presentaci\u00f3n de la documentaci\u00f3n que se solicitara v\u00eda correo electr\u00f3nico. <\/p>\n\n\n\n<p><strong>MATRICULATE AC\u00c1! <\/strong><\/p>\n\n\n\n<p><a rel=\"noreferrer noopener\" href=\"https:\/\/docs.google.com\/forms\/d\/e\/1FAIpQLScw6MMmHvSA6qsRWSCNsxalXPEiJ3DGPZ4uJFFGsU_op4d8zQ\/viewform?usp=sharing&amp;ouid=113884631054085489094\" target=\"_blank\">Matricula definitiva cohorte 2026-2027<\/a><\/p>\n\n\n\n<p><\/p>\n\n\n\n<h4 class=\"wp-block-heading\">&nbsp;<\/h4>\n","protected":false},"excerpt":{"rendered":"<p>El Trayecto Pedag\u00f3gico ofrece la posibilidad a aquellas personas con t\u00edtulo de Nivel Superior (universitario o no) que est\u00e9 categorizado con alcance \u201chabilitante de nivel secundario\u201d a ejercer la docencia en el mismo nivel. Al finalizar dicha capacitaci\u00f3n, el egresado podr\u00e1 desempe\u00f1arse como docente de los espacios curriculares vinculados al \u00e1rea disciplinar correspondiente con su &#8230; <a title=\"TRAYECTO PEDAGOGICO PARA GRADUADOS NO DOCENTES\" class=\"read-more\" href=\"https:\/\/ica-cba.infd.edu.ar\/sitio\/catalogo\/trayecto-pedagogico-para-graduados-no-docentes\/\" aria-label=\"M\u00e1s en TRAYECTO PEDAGOGICO PARA GRADUADOS NO DOCENTES\">[+]<\/a><\/p>\n","protected":false},"author":6,"featured_media":0,"parent":644,"menu_order":0,"comment_status":"closed","ping_status":"closed","template":"","meta":[],"_links":{"self":[{"href":"https:\/\/ica-cba.infd.edu.ar\/sitio\/wp-json\/wp\/v2\/pages\/734"}],"collection":[{"href":"https:\/\/ica-cba.infd.edu.ar\/sitio\/wp-json\/wp\/v2\/pages"}],"about":[{"href":"https:\/\/ica-cba.infd.edu.ar\/sitio\/wp-json\/wp\/v2\/types\/page"}],"author":[{"embeddable":true,"href":"https:\/\/ica-cba.infd.edu.ar\/sitio\/wp-json\/wp\/v2\/users\/6"}],"replies":[{"embeddable":true,"href":"https:\/\/ica-cba.infd.edu.ar\/sitio\/wp-json\/wp\/v2\/comments?post=734"}],"version-history":[{"count":24,"href":"https:\/\/ica-cba.infd.edu.ar\/sitio\/wp-json\/wp\/v2\/pages\/734\/revisions"}],"predecessor-version":[{"id":1033,"href":"https:\/\/ica-cba.infd.edu.ar\/sitio\/wp-json\/wp\/v2\/pages\/734\/revisions\/1033"}],"up":[{"embeddable":true,"href":"https:\/\/ica-cba.infd.edu.ar\/sitio\/wp-json\/wp\/v2\/pages\/644"}],"wp:attachment":[{"href":"https:\/\/ica-cba.infd.edu.ar\/sitio\/wp-json\/wp\/v2\/media?parent=734"}],"curies":[{"name":"wp","href":"https:\/\/api.w.org\/{rel}","templated":true}]}}