{"id":827,"date":"2024-12-18T20:25:41","date_gmt":"2024-12-18T23:25:41","guid":{"rendered":"https:\/\/ica-cba.infd.edu.ar\/sitio\/?page_id=827"},"modified":"2025-10-21T16:41:39","modified_gmt":"2025-10-21T19:41:39","slug":"tecnicatura-de-lenguas-y-culturas-aborigenes","status":"publish","type":"page","link":"https:\/\/ica-cba.infd.edu.ar\/sitio\/catalogo\/tecnicatura-de-lenguas-y-culturas-aborigenes\/","title":{"rendered":"TECNICATURA DE LENGUAS Y CULTURAS ABOR\u00cdGENES"},"content":{"rendered":"\n<figure class=\"wp-block-image size-full\"><img decoding=\"async\" loading=\"lazy\" width=\"1080\" height=\"1080\" src=\"https:\/\/ica-cba.infd.edu.ar\/sitio\/wp-content\/uploads\/2025\/10\/WhatsApp-Image-2025-10-17-at-17.31.10-1.jpeg\" alt=\"\" class=\"wp-image-987\" srcset=\"https:\/\/ica-cba.infd.edu.ar\/sitio\/wp-content\/uploads\/2025\/10\/WhatsApp-Image-2025-10-17-at-17.31.10-1.jpeg 1080w, https:\/\/ica-cba.infd.edu.ar\/sitio\/wp-content\/uploads\/2025\/10\/WhatsApp-Image-2025-10-17-at-17.31.10-1-1000x1000.jpeg 1000w, https:\/\/ica-cba.infd.edu.ar\/sitio\/wp-content\/uploads\/2025\/10\/WhatsApp-Image-2025-10-17-at-17.31.10-1-500x500.jpeg 500w, https:\/\/ica-cba.infd.edu.ar\/sitio\/wp-content\/uploads\/2025\/10\/WhatsApp-Image-2025-10-17-at-17.31.10-1-768x768.jpeg 768w\" sizes=\"(max-width: 1080px) 100vw, 1080px\" \/><\/figure>\n\n\n\n<h2 class=\"wp-block-heading\">Con Orientaci\u00f3n en Quechua-Guaran\u00ed-Mapuche<\/h2>\n\n\n\n<p>La tecnicatura en Lengua y Cultura Aborigen es la carrera m\u00e1s antigua que posee el Instituto, desde 1993 se fue consolidando una propuesta s\u00f3lida, con una propuesta fuertemente vivencial, con aprendizajes situados y desde la perspectiva de los pueblos originarios. En el actual contexto de reformas legislativas en distintos campos como el de la educaci\u00f3n, la salud, la cultura, el desarrollo social, el derecho, entre otros, la formaci\u00f3n de un t\u00e9cnico capacitado en lenguas y culturas originarias es de suma importancia debido a que dichas&nbsp; transformaciones&nbsp; se sustentan en la b\u00fasqueda de un modelo de sociedad que&nbsp; reivindica la diversidad y promueve la interculturalidad. La implementaci\u00f3n de la normativa y la posibilidad de materializar su incidencia en acciones concretas requiere necesariamente de sujetos formados en la tem\u00e1tica, conocedores de las realidades ind\u00edgenas y con manejo de herramientas que posibiliten la intervenci\u00f3n en el \u00e1mbito socio cultural actual.<\/p>\n\n\n\n<p>La tecnicatura tiene una duraci\u00f3n de 3 a\u00f1os y se cursa los d\u00edas lunes, mi\u00e9rcoles y jueves de 18 a 22:30 hs. El t\u00edtulo tiene validez oficial.<\/p>\n\n\n\n<h2 class=\"wp-block-heading\">Plan de estudios<\/h2>\n\n\n\n<p>PRIMER A\u00d1O<\/p>\n\n\n\n<ul>\n<li>Lengua Aborigen I&nbsp;<\/li>\n\n\n\n<li>Cultura Originaria I<\/li>\n\n\n\n<li>Antropolog\u00eda Social&nbsp;<\/li>\n\n\n\n<li>Etnograf\u00eda&nbsp;<\/li>\n\n\n\n<li>Metodolog\u00eda y \u00c9tica de la Investigaci\u00f3n Social I&nbsp;&nbsp;<\/li>\n<\/ul>\n\n\n\n<p>SEGUNDO A\u00d1O<\/p>\n\n\n\n<ul>\n<li>Lengua Aborigen II<\/li>\n\n\n\n<li>Cultura Originaria II<\/li>\n\n\n\n<li>Historia Americana<\/li>\n\n\n\n<li>Historia Argentina<\/li>\n\n\n\n<li>Metodolog\u00eda y Etica de la Investigaci\u00f3n Social II<\/li>\n\n\n\n<li>Seminario I<\/li>\n\n\n\n<li>Seminario II<\/li>\n<\/ul>\n\n\n\n<p>TERCER A\u00d1O<\/p>\n\n\n\n<ul>\n<li>Lengua Aborigen III&nbsp;<\/li>\n\n\n\n<li>Cultura Originaria III<\/li>\n\n\n\n<li>Estado y Pueblos Originarios&nbsp;<\/li>\n\n\n\n<li>Sociolog\u00eda de los Procesos Socio-hist\u00f3ricos de la Argentina&nbsp;<\/li>\n\n\n\n<li>Psicolog\u00eda social&nbsp;<\/li>\n\n\n\n<li>Metodolog\u00eda y Etica de la Investigaci\u00f3n Social III&nbsp;<\/li>\n\n\n\n<li>Seminario III&nbsp;<\/li>\n\n\n\n<li>Seminario IV&nbsp;<\/li>\n<\/ul>\n\n\n\n<h2 class=\"wp-block-heading\">Perfil del Egresada\/o<\/h2>\n\n\n\n<p>La instituci\u00f3n se propone que el\/la egresado\/a sea un\/a t\u00e9cnico\/a con todas las competencias para abordar procesos de intervenci\u00f3n y gesti\u00f3n intercultural. Pretendemos que se convierta en un agente multiplicador en la concientizaci\u00f3n acerca de la vigencia de las Culturas originarias y de manera comprometida con las demandas sociales. El egresado debe estar capacitado para:<\/p>\n\n\n\n<ul>\n<li>Producir conocimientos y transferirlos mediante acciones concretas, elaborando teor\u00edas y metodolog\u00edas propias, para explorar, describir, interpretar y comprender fen\u00f3menos de la realidad social en clave intercultural.<\/li>\n\n\n\n<li>Asesorar sobre la actualidad de los pueblos originarios como as\u00ed tambi\u00e9n sobre su participaci\u00f3n en los procesos hist\u00f3ricos de la regi\u00f3n.<\/li>\n\n\n\n<li>Dise\u00f1ar, dirigir, coordinar, ejecutar y evaluar procesos de intervenci\u00f3n intercultural.<\/li>\n\n\n\n<li>Elaborar, dirigir, coordinar y ejecutar planes, programas y proyectos de organizaci\u00f3n y transformaci\u00f3n de la realidad social de la comunidad en clave intercultural.<\/li>\n\n\n\n<li>Asesorar desde la perspectiva socio cultural de los pueblos originarios en la formulaci\u00f3n de pol\u00edticas de car\u00e1cter global y regional.<\/li>\n\n\n\n<li>Actuar de int\u00e9rprete y\/o traductor en lenguas abor\u00edgenes.<\/li>\n<\/ul>\n\n\n\n<p>\u00bfTe queres inscribir? Hace click ac\u00e1: <a href=\"https:\/\/forms.gle\/8KfhALiVjjhw1XuA8\" data-type=\"URL\" data-id=\"https:\/\/forms.gle\/8KfhALiVjjhw1XuA8\">https:\/\/forms.gle\/8KfhALiVjjhw1XuA8<\/a><\/p>\n","protected":false},"excerpt":{"rendered":"<p>Con Orientaci\u00f3n en Quechua-Guaran\u00ed-Mapuche La tecnicatura en Lengua y Cultura Aborigen es la carrera m\u00e1s antigua que posee el Instituto, desde 1993 se fue consolidando una propuesta s\u00f3lida, con una propuesta fuertemente vivencial, con aprendizajes situados y desde la perspectiva de los pueblos originarios. En el actual contexto de reformas legislativas en distintos campos como &#8230; <a title=\"TECNICATURA DE LENGUAS Y CULTURAS ABOR\u00cdGENES\" class=\"read-more\" href=\"https:\/\/ica-cba.infd.edu.ar\/sitio\/catalogo\/tecnicatura-de-lenguas-y-culturas-aborigenes\/\" aria-label=\"M\u00e1s en TECNICATURA DE LENGUAS Y CULTURAS ABOR\u00cdGENES\">[+]<\/a><\/p>\n","protected":false},"author":10,"featured_media":0,"parent":644,"menu_order":-1,"comment_status":"closed","ping_status":"closed","template":"","meta":[],"_links":{"self":[{"href":"https:\/\/ica-cba.infd.edu.ar\/sitio\/wp-json\/wp\/v2\/pages\/827"}],"collection":[{"href":"https:\/\/ica-cba.infd.edu.ar\/sitio\/wp-json\/wp\/v2\/pages"}],"about":[{"href":"https:\/\/ica-cba.infd.edu.ar\/sitio\/wp-json\/wp\/v2\/types\/page"}],"author":[{"embeddable":true,"href":"https:\/\/ica-cba.infd.edu.ar\/sitio\/wp-json\/wp\/v2\/users\/10"}],"replies":[{"embeddable":true,"href":"https:\/\/ica-cba.infd.edu.ar\/sitio\/wp-json\/wp\/v2\/comments?post=827"}],"version-history":[{"count":3,"href":"https:\/\/ica-cba.infd.edu.ar\/sitio\/wp-json\/wp\/v2\/pages\/827\/revisions"}],"predecessor-version":[{"id":1007,"href":"https:\/\/ica-cba.infd.edu.ar\/sitio\/wp-json\/wp\/v2\/pages\/827\/revisions\/1007"}],"up":[{"embeddable":true,"href":"https:\/\/ica-cba.infd.edu.ar\/sitio\/wp-json\/wp\/v2\/pages\/644"}],"wp:attachment":[{"href":"https:\/\/ica-cba.infd.edu.ar\/sitio\/wp-json\/wp\/v2\/media?parent=827"}],"curies":[{"name":"wp","href":"https:\/\/api.w.org\/{rel}","templated":true}]}}