{"id":833,"date":"2024-12-18T20:37:06","date_gmt":"2024-12-18T23:37:06","guid":{"rendered":"https:\/\/ica-cba.infd.edu.ar\/sitio\/?page_id=833"},"modified":"2025-10-21T16:41:21","modified_gmt":"2025-10-21T19:41:21","slug":"tecnicatura-superior-en-investigacion-folklorica","status":"publish","type":"page","link":"https:\/\/ica-cba.infd.edu.ar\/sitio\/catalogo\/tecnicatura-superior-en-investigacion-folklorica\/","title":{"rendered":"TECNICATURA SUPERIOR EN INVESTIGACI\u00d3N FOLKLORICA"},"content":{"rendered":"\n<figure class=\"wp-block-image size-full\"><img decoding=\"async\" loading=\"lazy\" width=\"1080\" height=\"1080\" src=\"https:\/\/ica-cba.infd.edu.ar\/sitio\/wp-content\/uploads\/2025\/10\/WhatsApp-Image-2025-10-17-at-17.31.10-2-1.jpeg\" alt=\"\" class=\"wp-image-1005\" srcset=\"https:\/\/ica-cba.infd.edu.ar\/sitio\/wp-content\/uploads\/2025\/10\/WhatsApp-Image-2025-10-17-at-17.31.10-2-1.jpeg 1080w, https:\/\/ica-cba.infd.edu.ar\/sitio\/wp-content\/uploads\/2025\/10\/WhatsApp-Image-2025-10-17-at-17.31.10-2-1-1000x1000.jpeg 1000w, https:\/\/ica-cba.infd.edu.ar\/sitio\/wp-content\/uploads\/2025\/10\/WhatsApp-Image-2025-10-17-at-17.31.10-2-1-500x500.jpeg 500w, https:\/\/ica-cba.infd.edu.ar\/sitio\/wp-content\/uploads\/2025\/10\/WhatsApp-Image-2025-10-17-at-17.31.10-2-1-768x768.jpeg 768w\" sizes=\"(max-width: 1080px) 100vw, 1080px\" \/><\/figure>\n\n\n\n<p>Desde el a\u00f1o \u00b496 la instituci\u00f3n abre la Tecnicatura en Folklore, desde una perspectiva Cr\u00edtica al Folklore Tradicional construido e impuesto por el estado y la sociedad argentina desde principios del SXIX,&nbsp; por ello entendemos que es de vital importancia la formaci\u00f3n de los\/as estudiantes en el conocimiento del linaje del Folklore a trav\u00e9s del recorrido hist\u00f3rico de la constituci\u00f3n disciplinar reconociendo las diferentes perspectivas te\u00f3ricas y metodol\u00f3gicas, como tambi\u00e9n desde espacios curriculares espec\u00edficos desde donde investigar y explicar los procesos folkl\u00f3ricos en el campo de la danza, el arte, la m\u00fasica y las pr\u00e1cticas narrativas.&nbsp;<\/p>\n\n\n\n<p>En este sentido, los\/as t\u00e9cnicos\/as en Folklore deber\u00e1n formarse te\u00f3rica y metodol\u00f3gicamente para visibilizar problem\u00e1ticas del campo, generar conocimientos y dise\u00f1ar pr\u00e1cticas de intervenci\u00f3n social en diferentes \u00e1mbitos de la vida cotidiana. En este perfil, el asesoramiento y la actuaci\u00f3n cobran una significaci\u00f3n preferencial como agente transformador de la realidad, especialmente en la promoci\u00f3n de pr\u00e1cticas interculturales que revaloricen los saberes y pr\u00e1cticas de sujetos hist\u00f3ricamente subalternizados.&nbsp;<\/p>\n\n\n\n<pre class=\"wp-block-preformatted\">La tecnicatura tiene una duraci\u00f3n de 3 a\u00f1os y se cursa los d\u00edas lunes, mi\u00e9rcoles y jueves de 18 a 22:30 hs. El t\u00edtulo tiene validez oficial.<\/pre>\n\n\n\n<h2 class=\"wp-block-heading\">Plan de Estudios<\/h2>\n\n\n\n<p>PRIMER A\u00d1O<\/p>\n\n\n\n<ul>\n<li>Expresi\u00f3n Folkl\u00f3rica I- Danzas<\/li>\n\n\n\n<li>Teor\u00edas del folklore<\/li>\n\n\n\n<li>Antropolog\u00eda Social&nbsp;&nbsp;<\/li>\n\n\n\n<li>Etnograf\u00eda&nbsp;<\/li>\n\n\n\n<li>Metodolog\u00eda y \u00c9tica de la Inv. Social I&nbsp;<\/li>\n<\/ul>\n\n\n\n<p>SEGUNDO A\u00d1O<\/p>\n\n\n\n<ul>\n<li>Expresi\u00f3n folkl\u00f3rica II<\/li>\n\n\n\n<li>Folklore Argentino<\/li>\n\n\n\n<li>Historia Americana&nbsp;<\/li>\n\n\n\n<li>Historia Argentina&nbsp;<\/li>\n\n\n\n<li>Metodolog\u00eda de la Investigaci\u00f3n&nbsp; Social II&nbsp;&nbsp;<\/li>\n\n\n\n<li>Seminario I -Etnobiolog\u00eda<\/li>\n\n\n\n<li>Seminario II -Etnomusicolog\u00eda<\/li>\n<\/ul>\n\n\n\n<p>TERCER A\u00d1O<\/p>\n\n\n\n<ul>\n<li>Expresi\u00f3n folkl\u00f3rica III<\/li>\n\n\n\n<li>Folklore Aplicado&nbsp;<\/li>\n\n\n\n<li>Presencia africana en Am\u00e9rica<\/li>\n\n\n\n<li>Sociolog\u00eda de los procesos Socio-hist\u00f3ricos de la Argentina&nbsp;<\/li>\n\n\n\n<li>Psicolog\u00eda social&nbsp;<\/li>\n\n\n\n<li>Metodolog\u00eda de la Investigaci\u00f3n Social III&nbsp;<\/li>\n\n\n\n<li>Seminario III- Artesan\u00edas<\/li>\n\n\n\n<li>Seminario IV- Etnomusicolog\u00eda<\/li>\n<\/ul>\n\n\n\n<h2 class=\"wp-block-heading\">Perfil del Egresado\/a<\/h2>\n\n\n\n<p>El\/la T\u00e9cnico\/a Superior en Folklore est\u00e1 capacitado para implementar herramientas de gesti\u00f3n cultural con perspectiva folkl\u00f3rica. Desarrollar proyectos, gestionar experiencias culturales que recuperen los fen\u00f3menos folkl\u00f3ricos y socio culturales del campo del folklore, promoviendo as\u00ed las distintas expresiones\u2013 artes, danzas, m\u00fasica, comunicacionales-.&nbsp;<\/p>\n\n\n\n<p>Asimismo, el\/la T\u00e9cnico\/a Superior en Folklore estar\u00e1 en condiciones de desempe\u00f1arse en funciones de gesti\u00f3n y promoci\u00f3n de emprendimientos socioculturales asociados al universo folkl\u00f3rico y como t\u00e9cnico asistiendo y\/o acompa\u00f1ando equipos de investigaci\u00f3n en instituciones acad\u00e9micas aportando \u2013desde su especificidad- una mirada que revalorice la construcci\u00f3n colectiva de conocimientos y transformaci\u00f3n de la sociedad.<\/p>\n\n\n\n<p>\u00bfTe queres inscribir? Hace click ac\u00e1: <a href=\"https:\/\/forms.gle\/8KfhALiVjjhw1XuA8\" data-type=\"URL\" data-id=\"https:\/\/forms.gle\/8KfhALiVjjhw1XuA8\">https:\/\/forms.gle\/8KfhALiVjjhw1XuA8<\/a><\/p>\n","protected":false},"excerpt":{"rendered":"<p>Desde el a\u00f1o \u00b496 la instituci\u00f3n abre la Tecnicatura en Folklore, desde una perspectiva Cr\u00edtica al Folklore Tradicional construido e impuesto por el estado y la sociedad argentina desde principios del SXIX,&nbsp; por ello entendemos que es de vital importancia la formaci\u00f3n de los\/as estudiantes en el conocimiento del linaje del Folklore a trav\u00e9s del &#8230; <a title=\"TECNICATURA SUPERIOR EN INVESTIGACI\u00d3N FOLKLORICA\" class=\"read-more\" href=\"https:\/\/ica-cba.infd.edu.ar\/sitio\/catalogo\/tecnicatura-superior-en-investigacion-folklorica\/\" aria-label=\"M\u00e1s en TECNICATURA SUPERIOR EN INVESTIGACI\u00d3N FOLKLORICA\">[+]<\/a><\/p>\n","protected":false},"author":10,"featured_media":0,"parent":644,"menu_order":-1,"comment_status":"closed","ping_status":"closed","template":"","meta":[],"_links":{"self":[{"href":"https:\/\/ica-cba.infd.edu.ar\/sitio\/wp-json\/wp\/v2\/pages\/833"}],"collection":[{"href":"https:\/\/ica-cba.infd.edu.ar\/sitio\/wp-json\/wp\/v2\/pages"}],"about":[{"href":"https:\/\/ica-cba.infd.edu.ar\/sitio\/wp-json\/wp\/v2\/types\/page"}],"author":[{"embeddable":true,"href":"https:\/\/ica-cba.infd.edu.ar\/sitio\/wp-json\/wp\/v2\/users\/10"}],"replies":[{"embeddable":true,"href":"https:\/\/ica-cba.infd.edu.ar\/sitio\/wp-json\/wp\/v2\/comments?post=833"}],"version-history":[{"count":4,"href":"https:\/\/ica-cba.infd.edu.ar\/sitio\/wp-json\/wp\/v2\/pages\/833\/revisions"}],"predecessor-version":[{"id":1006,"href":"https:\/\/ica-cba.infd.edu.ar\/sitio\/wp-json\/wp\/v2\/pages\/833\/revisions\/1006"}],"up":[{"embeddable":true,"href":"https:\/\/ica-cba.infd.edu.ar\/sitio\/wp-json\/wp\/v2\/pages\/644"}],"wp:attachment":[{"href":"https:\/\/ica-cba.infd.edu.ar\/sitio\/wp-json\/wp\/v2\/media?parent=833"}],"curies":[{"name":"wp","href":"https:\/\/api.w.org\/{rel}","templated":true}]}}